{"id":32,"date":"2021-09-17T16:25:52","date_gmt":"2021-09-17T16:25:52","guid":{"rendered":"https:\/\/pressinfomed.arcio.pl\/?page_id=32"},"modified":"2021-11-19T09:27:46","modified_gmt":"2021-11-19T09:27:46","slug":"contact","status":"publish","type":"page","link":"https:\/\/przetargimedyczne.com\/en\/contact\/","title":{"rendered":"Contact"},"content":{"rendered":"<p>[et_pb_section fb_built=&#8221;1&#8243; fullwidth=&#8221;on&#8221; _builder_version=&#8221;4.10.7&#8243; _module_preset=&#8221;default&#8221; global_module=&#8221;236395&#8243; global_colors_info=&#8221;{}&#8221;][et_pb_fullwidth_slider show_arrows=&#8221;off&#8221; show_pagination=&#8221;off&#8221; _builder_version=&#8221;4.13.1&#8243; _module_preset=&#8221;default&#8221; header_font=&#8221;Raleway|700|||||||&#8221; header_text_color=&#8221;#575756&#8243; header_font_size=&#8221;40px&#8221; body_font=&#8221;Raleway|700|||||||&#8221; body_text_color=&#8221;#308C9F&#8221; body_font_size=&#8221;40px&#8221; background_image=&#8221;https:\/\/przetargimedyczne.com\/wp-content\/uploads\/2021\/09\/Mask-Group-12.jpg&#8221; text_orientation=&#8221;right&#8221; max_height=&#8221;350px&#8221; custom_padding=&#8221;214px||176px|||&#8221; global_colors_info=&#8221;{}&#8221;][et_pb_slide heading=&#8221;Medical Market Expert&#8221; _builder_version=&#8221;4.13.1&#8243; _module_preset=&#8221;default&#8221; background_position=&#8221;top_center&#8221; global_colors_info=&#8221;{}&#8221; sticky_transition=&#8221;on&#8221;]<\/p>\n<p>in public procurement<\/p>\n<p>[\/et_pb_slide][\/et_pb_fullwidth_slider][\/et_pb_section][et_pb_section fb_built=&#8221;1&#8243; _builder_version=&#8221;4.10.7&#8243; _module_preset=&#8221;default&#8221; global_colors_info=&#8221;{}&#8221;][et_pb_row _builder_version=&#8221;4.10.7&#8243; _module_preset=&#8221;default&#8221; global_colors_info=&#8221;{}&#8221;][et_pb_column type=&#8221;4_4&#8243; _builder_version=&#8221;4.10.7&#8243; _module_preset=&#8221;default&#8221; global_colors_info=&#8221;{}&#8221;][et_pb_post_title meta=&#8221;off&#8221; _builder_version=&#8221;4.10.8&#8243; _module_preset=&#8221;default&#8221; title_font=&#8221;Raleway|700|||||||&#8221; title_text_color=&#8221;#575756&#8243; title_font_size=&#8221;36px&#8221; global_colors_info=&#8221;{}&#8221;][\/et_pb_post_title][\/et_pb_column][\/et_pb_row][et_pb_row column_structure=&#8221;1_3,2_3&#8243; _builder_version=&#8221;4.10.7&#8243; _module_preset=&#8221;default&#8221; global_colors_info=&#8221;{}&#8221;][et_pb_column type=&#8221;1_3&#8243; _builder_version=&#8221;4.10.7&#8243; _module_preset=&#8221;default&#8221; global_colors_info=&#8221;{}&#8221;][et_pb_text _builder_version=&#8221;4.13.1&#8243; _module_preset=&#8221;default&#8221; text_font=&#8221;|700|||||||&#8221; text_text_color=&#8221;#666665&#8243; global_colors_info=&#8221;{}&#8221;]<\/p>\n<p>phone: 800 800 707<br \/>e-mail: <a href=\"mailto:raporty@pressinfo.pl\">raporty@pressinfo.pl<\/a><\/p>\n<p>working hours: 8-16<\/p>\n<p>[\/et_pb_text][\/et_pb_column][et_pb_column type=&#8221;2_3&#8243; _builder_version=&#8221;4.10.7&#8243; _module_preset=&#8221;default&#8221; global_colors_info=&#8221;{}&#8221;][et_pb_text _builder_version=&#8221;4.13.1&#8243; _module_preset=&#8221;default&#8221; text_text_color=&#8221;#666665&#8243; global_colors_info=&#8221;{}&#8221;]<\/p>\n<p>Pressinfomed.pl is owned by Grupa Marketingowa TAI sp\u00f3\u0142ka z ograniczon\u0105 odpowiedzialno\u015bci\u0105 [TAI Marketing Group Limited Liability Company] with its registered office in Warsaw 04-204, at ul. Jordanowska 12.<\/p>\n<p>KRS [National Court Register No.] 0000145319, XIII Commercial Division of the District Court for the Capital City of Warsaw in Warsaw NIP [Tax Identification No.] 113-23-93-178 REGON [Business Statistical No.] 015309912<\/p>\n<p>[\/et_pb_text][\/et_pb_column][\/et_pb_row][et_pb_row column_structure=&#8221;1_3,1_3,1_3&#8243; _builder_version=&#8221;4.10.7&#8243; _module_preset=&#8221;default&#8221; module_alignment=&#8221;center&#8221; custom_padding=&#8221;61px|||||&#8221; global_colors_info=&#8221;{}&#8221;][et_pb_column type=&#8221;1_3&#8243; _builder_version=&#8221;4.10.7&#8243; _module_preset=&#8221;default&#8221; global_colors_info=&#8221;{}&#8221;][\/et_pb_column][et_pb_column type=&#8221;1_3&#8243; _builder_version=&#8221;4.10.7&#8243; _module_preset=&#8221;default&#8221; global_colors_info=&#8221;{}&#8221;][\/et_pb_column][et_pb_column type=&#8221;1_3&#8243; _builder_version=&#8221;4.10.7&#8243; _module_preset=&#8221;default&#8221; global_colors_info=&#8221;{}&#8221;][dipl_modal modal_id=&#8221;form1hp&#8221; trigger_button_text=&#8221;Contact us&#8221; close_on_esc=&#8221;on&#8221; modal_title=&#8221;Contact us&#8221; show_footer=&#8221;off&#8221; modal_bg_color=&#8221;rgba(77,84,97,0.88)&#8221; modal_header_bg_color=&#8221;#00AFCB&#8221; modal_close_icon_font_size=&#8221;28px&#8221; modal_close_icon_color=&#8221;#FFFFFF&#8221; modal_animation_duration=&#8221;700ms&#8221; _builder_version=&#8221;4.13.1&#8243; _module_preset=&#8221;default&#8221; modal_title_text_font=&#8221;Raleway|700|||||||&#8221; modal_title_text_text_align=&#8221;center&#8221; modal_title_text_text_color=&#8221;#FFFFFF&#8221; modal_title_text_font_size=&#8221;24px&#8221; modal_body_text_text_color=&#8221;#FFFFFF&#8221; custom_trigger_button=&#8221;on&#8221; trigger_button_text_size=&#8221;24px&#8221; trigger_button_text_color=&#8221;#00AFCB&#8221; trigger_button_bg_color=&#8221;#FFFFFF&#8221; trigger_button_use_icon=&#8221;off&#8221; text_orientation=&#8221;center&#8221; module_alignment=&#8221;center&#8221; modal_width=&#8221;520px&#8221; hover_enabled=&#8221;0&#8243; border_radii_modal=&#8221;on|10px|10px|10px|10px&#8221; global_colors_info=&#8221;{}&#8221; trigger_button_text_color__hover_enabled=&#8221;on|hover&#8221; trigger_button_text_color__hover=&#8221;#FFFFFF&#8221; trigger_button_bg_color__hover_enabled=&#8221;on|hover&#8221; trigger_button_bg_color__hover=&#8221;#00AFCB&#8221; trigger_button_bg_enable_color__hover=&#8221;on&#8221; sticky_enabled=&#8221;0&#8243;]<\/p>\n<div role=\"form\" class=\"wpcf7\" id=\"wpcf7-f230-o1\" lang=\"pl-PL\" dir=\"ltr\">\n<div class=\"screen-reader-response\"><p role=\"status\" aria-live=\"polite\" aria-atomic=\"true\"><\/p> <ul><\/ul><\/div>\n<form action=\"\/en\/wp-json\/wp\/v2\/pages\/32#wpcf7-f230-o1\" method=\"post\" class=\"wpcf7-form init\" novalidate=\"novalidate\" data-status=\"init\">\n<div style=\"display: none;\">\n<input type=\"hidden\" name=\"_wpcf7\" value=\"230\" \/>\n<input type=\"hidden\" name=\"_wpcf7_version\" value=\"5.5.1\" \/>\n<input type=\"hidden\" name=\"_wpcf7_locale\" value=\"pl_PL\" \/>\n<input type=\"hidden\" name=\"_wpcf7_unit_tag\" value=\"wpcf7-f230-o1\" \/>\n<input type=\"hidden\" name=\"_wpcf7_container_post\" value=\"0\" \/>\n<input type=\"hidden\" name=\"_wpcf7_posted_data_hash\" value=\"\" \/>\n<input type=\"hidden\" name=\"_wpcf7_recaptcha_response\" value=\"\" \/>\n<\/div>\n<div class=\"rwk\"><span class=\"wpcf7-form-control-wrap your-name\"><input type=\"text\" name=\"your-name\" value=\"\" size=\"40\" class=\"wpcf7-form-control wpcf7-text wpcf7-validates-as-required\" aria-required=\"true\" aria-invalid=\"false\" placeholder=\"Your name\" \/><\/span> <\/div>\n<div class=\"rwk\"><span class=\"wpcf7-form-control-wrap your-email\"><input type=\"email\" name=\"your-email\" value=\"\" size=\"40\" class=\"wpcf7-form-control wpcf7-text wpcf7-email wpcf7-validates-as-required wpcf7-validates-as-email\" aria-required=\"true\" aria-invalid=\"false\" placeholder=\"E-mail\" \/><\/span> <\/div>\n<div class=\"rwk\"><span class=\"wpcf7-form-control-wrap tel-115\"><input type=\"tel\" name=\"tel-115\" value=\"\" size=\"40\" class=\"wpcf7-form-control wpcf7-text wpcf7-tel wpcf7-validates-as-tel\" aria-invalid=\"false\" placeholder=\"Phone\" \/><\/span> <\/div>\n<div class=\"rwk\"><span class=\"wpcf7-form-control-wrap text-946\"><input type=\"text\" name=\"text-946\" value=\"\" size=\"40\" class=\"wpcf7-form-control wpcf7-text\" aria-invalid=\"false\" placeholder=\"What is the report about?\" \/><\/span> <\/div>\n<div class=\"rwk\"><span class=\"wpcf7-form-control-wrap acceptance-645\"><span class=\"wpcf7-form-control wpcf7-acceptance\"><span class=\"wpcf7-list-item\"><label><input type=\"checkbox\" name=\"acceptance-645\" value=\"1\" aria-invalid=\"false\" class=\"acpp\" \/><span class=\"wpcf7-list-item-label\">I agree to the processing of my personal data for marketing purposes, including receiving commercial information via telephone, e-mail, or other means of communication using ICT by Grupa Marketingowa TAI Sp. z o.o., in accordance with the provisions of the GDPR and other applicable regulations on personal data protection, as well as the provisions of the Act of 18 July 2002 on Providing Services by Electronic Means. <a href=\"\/en\/privacy-policy\/\">Privacy policy<\/a><\/span><\/label><\/span><\/span><\/span><\/div>\n<div class=\"rwk\"><input type=\"submit\" value=\"Send\" class=\"wpcf7-form-control has-spinner wpcf7-submit\" \/><\/div>\n<div class=\"wpcf7-response-output\" aria-hidden=\"true\"><\/div><\/form><\/div>\n<p>[\/dipl_modal][\/et_pb_column][\/et_pb_row][et_pb_row column_structure=&#8221;1_4,1_4,1_4,1_4&#8243; _builder_version=&#8221;4.11.3&#8243; _module_preset=&#8221;default&#8221; custom_margin=&#8221;37px|auto||auto||&#8221; global_colors_info=&#8221;{}&#8221;][et_pb_column type=&#8221;1_4&#8243; _builder_version=&#8221;4.11.3&#8243; _dynamic_attributes=&#8221;link_option_url&#8221; _module_preset=&#8221;default&#8221; link_option_url=&#8221;@ET-DC@eyJkeW5hbWljIjp0cnVlLCJjb250ZW50IjoicG9zdF9saW5rX3VybF9wYWdlIiwic2V0dGluZ3MiOnsicG9zdF9pZCI6IjI2In19@&#8221; global_colors_info=&#8221;{}&#8221; transform_styles__hover_enabled=&#8221;on|hover&#8221; transform_scale__hover_enabled=&#8221;on|hover&#8221; transform_translate__hover_enabled=&#8221;on|desktop&#8221; transform_rotate__hover_enabled=&#8221;on|desktop&#8221; transform_skew__hover_enabled=&#8221;on|desktop&#8221; transform_origin__hover_enabled=&#8221;on|desktop&#8221; transform_scale__hover=&#8221;107%|107%&#8221;][et_pb_image src=&#8221;https:\/\/przetargimedyczne.com\/wp-content\/uploads\/2021\/09\/biezace.png&#8221; title_text=&#8221;biezace&#8221; url=&#8221;@ET-DC@eyJkeW5hbWljIjp0cnVlLCJjb250ZW50IjoicG9zdF9saW5rX3VybF9wYWdlIiwic2V0dGluZ3MiOnsicG9zdF9pZCI6IjI2In19@&#8221; align=&#8221;center&#8221; _builder_version=&#8221;4.10.8&#8243; _dynamic_attributes=&#8221;url&#8221; _module_preset=&#8221;default&#8221; global_colors_info=&#8221;{}&#8221;][\/et_pb_image][et_pb_text _builder_version=&#8221;4.13.1&#8243; _module_preset=&#8221;default&#8221; text_font=&#8221;Poppins|700|||||||&#8221; text_text_color=&#8221;#575756&#8243; text_line_height=&#8221;1.4em&#8221; header_font_size=&#8221;18px&#8221; text_orientation=&#8221;center&#8221; global_colors_info=&#8221;{}&#8221;]<\/p>\n<p style=\"text-align: center;\">Current Reports on Healthcare Market<\/p>\n<p>[\/et_pb_text][\/et_pb_column][et_pb_column type=&#8221;1_4&#8243; _builder_version=&#8221;4.11.3&#8243; _dynamic_attributes=&#8221;link_option_url&#8221; _module_preset=&#8221;default&#8221; link_option_url=&#8221;@ET-DC@eyJkeW5hbWljIjp0cnVlLCJjb250ZW50IjoicG9zdF9saW5rX3VybF9wYWdlIiwic2V0dGluZ3MiOnsicG9zdF9pZCI6IjI4In19@&#8221; global_colors_info=&#8221;{}&#8221; transform_styles__hover_enabled=&#8221;on|hover&#8221; transform_scale__hover_enabled=&#8221;on|hover&#8221; transform_translate__hover_enabled=&#8221;on|desktop&#8221; transform_rotate__hover_enabled=&#8221;on|desktop&#8221; transform_skew__hover_enabled=&#8221;on|desktop&#8221; transform_origin__hover_enabled=&#8221;on|desktop&#8221; transform_scale__hover=&#8221;107%|107%&#8221;][et_pb_image src=&#8221;https:\/\/przetargimedyczne.com\/wp-content\/uploads\/2021\/09\/analiza.png&#8221; title_text=&#8221;analiza&#8221; url=&#8221;@ET-DC@eyJkeW5hbWljIjp0cnVlLCJjb250ZW50IjoicG9zdF9saW5rX3VybF9wYWdlIiwic2V0dGluZ3MiOnsicG9zdF9pZCI6IjI4In19@&#8221; align=&#8221;center&#8221; _builder_version=&#8221;4.10.8&#8243; _dynamic_attributes=&#8221;url&#8221; _module_preset=&#8221;default&#8221; global_colors_info=&#8221;{}&#8221;][\/et_pb_image][et_pb_text _builder_version=&#8221;4.13.1&#8243; _module_preset=&#8221;default&#8221; text_font=&#8221;Poppins|700|||||||&#8221; text_text_color=&#8221;#575756&#8243; text_line_height=&#8221;1.4em&#8221; global_colors_info=&#8221;{}&#8221;]<\/p>\n<p style=\"text-align: center;\">Public Procurement Market Analysis<\/p>\n<p>[\/et_pb_text][\/et_pb_column][et_pb_column type=&#8221;1_4&#8243; _builder_version=&#8221;4.11.3&#8243; _dynamic_attributes=&#8221;link_option_url&#8221; _module_preset=&#8221;default&#8221; link_option_url=&#8221;@ET-DC@eyJkeW5hbWljIjp0cnVlLCJjb250ZW50IjoicG9zdF9saW5rX3VybF9wYWdlIiwic2V0dGluZ3MiOnsicG9zdF9pZCI6IjI1NiJ9fQ==@&#8221; global_colors_info=&#8221;{}&#8221; transform_styles__hover_enabled=&#8221;on|hover&#8221; transform_scale__hover_enabled=&#8221;on|hover&#8221; transform_translate__hover_enabled=&#8221;on|desktop&#8221; transform_rotate__hover_enabled=&#8221;on|desktop&#8221; transform_skew__hover_enabled=&#8221;on|desktop&#8221; transform_origin__hover_enabled=&#8221;on|desktop&#8221; transform_scale__hover=&#8221;107%|107%&#8221;][et_pb_image src=&#8221;https:\/\/przetargimedyczne.com\/wp-content\/uploads\/2021\/09\/raporty_opisowe.png&#8221; title_text=&#8221;raporty_opisowe&#8221; url=&#8221;@ET-DC@eyJkeW5hbWljIjp0cnVlLCJjb250ZW50IjoicG9zdF9saW5rX3VybF9wYWdlIiwic2V0dGluZ3MiOnsicG9zdF9pZCI6IjI1NiJ9fQ==@&#8221; align=&#8221;center&#8221; _builder_version=&#8221;4.10.8&#8243; _dynamic_attributes=&#8221;url&#8221; _module_preset=&#8221;default&#8221; global_colors_info=&#8221;{}&#8221;][\/et_pb_image][et_pb_text _builder_version=&#8221;4.13.1&#8243; _module_preset=&#8221;default&#8221; text_font=&#8221;Poppins|700|||||||&#8221; text_text_color=&#8221;#575756&#8243; text_line_height=&#8221;1.4em&#8221; global_colors_info=&#8221;{}&#8221;]<\/p>\n<p style=\"text-align: center;\">Descriptive <br \/>Reports<\/p>\n<p>[\/et_pb_text][\/et_pb_column][et_pb_column type=&#8221;1_4&#8243; _builder_version=&#8221;4.11.3&#8243; _dynamic_attributes=&#8221;link_option_url&#8221; _module_preset=&#8221;default&#8221; link_option_url=&#8221;@ET-DC@eyJkeW5hbWljIjp0cnVlLCJjb250ZW50IjoicG9zdF9saW5rX3VybF9wYWdlIiwic2V0dGluZ3MiOnsicG9zdF9pZCI6IjQzOCJ9fQ==@&#8221; global_colors_info=&#8221;{}&#8221; transform_styles__hover_enabled=&#8221;on|hover&#8221; transform_scale__hover_enabled=&#8221;on|hover&#8221; transform_translate__hover_enabled=&#8221;on|desktop&#8221; transform_rotate__hover_enabled=&#8221;on|desktop&#8221; transform_skew__hover_enabled=&#8221;on|desktop&#8221; transform_origin__hover_enabled=&#8221;on|desktop&#8221; transform_scale__hover=&#8221;107%|107%&#8221;][et_pb_image src=&#8221;https:\/\/przetargimedyczne.com\/wp-content\/uploads\/2021\/09\/gotowe.png&#8221; title_text=&#8221;gotowe&#8221; url=&#8221;@ET-DC@eyJkeW5hbWljIjp0cnVlLCJjb250ZW50IjoicG9zdF9saW5rX3VybF9wYWdlIiwic2V0dGluZ3MiOnsicG9zdF9pZCI6IjQzOCJ9fQ==@&#8221; align=&#8221;center&#8221; _builder_version=&#8221;4.10.8&#8243; _dynamic_attributes=&#8221;url&#8221; _module_preset=&#8221;default&#8221; global_colors_info=&#8221;{}&#8221;][\/et_pb_image][et_pb_text _builder_version=&#8221;4.13.1&#8243; _module_preset=&#8221;default&#8221; text_font=&#8221;Poppins|700|||||||&#8221; text_text_color=&#8221;#575756&#8243; text_line_height=&#8221;1.4em&#8221; global_colors_info=&#8221;{}&#8221;]<\/p>\n<p style=\"text-align: center;\">Ready-to-buy <br \/>Reports.<\/p>\n<p>[\/et_pb_text][\/et_pb_column][\/et_pb_row][\/et_pb_section]<\/p>\n","protected":false},"excerpt":{"rendered":"<p>in public procurementphone: 800 800 707e-mail: raporty@pressinfo.pl working hours: 8-16Pressinfomed.pl is owned by Grupa Marketingowa TAI sp\u00f3\u0142ka z ograniczon\u0105 odpowiedzialno\u015bci\u0105 [TAI Marketing Group Limited Liability Company] with its registered office in Warsaw 04-204, at ul. Jordanowska 12. KRS [National Court Register No.] 0000145319, XIII Commercial Division of the District Court for the Capital City of [&hellip;]<\/p>\n","protected":false},"author":1,"featured_media":0,"parent":0,"menu_order":0,"comment_status":"closed","ping_status":"closed","template":"","meta":{"_et_pb_use_builder":"on","_et_pb_old_content":"<!-- wp:divi\/placeholder \/-->","_et_gb_content_width":"","footnotes":""},"class_list":["post-32","page","type-page","status-publish","hentry"],"yoast_head":"<!-- This site is optimized with the Yoast SEO plugin v18.6 - https:\/\/yoast.com\/wordpress\/plugins\/seo\/ -->\n<title>Contact - PressInfoMed<\/title>\n<meta name=\"robots\" content=\"index, follow, max-snippet:-1, max-image-preview:large, max-video-preview:-1\" \/>\n<link rel=\"canonical\" href=\"https:\/\/przetargimedyczne.com\/en\/contact\/\" \/>\n<meta property=\"og:locale\" content=\"en_US\" \/>\n<meta property=\"og:type\" content=\"article\" \/>\n<meta property=\"og:title\" content=\"Contact - PressInfoMed\" \/>\n<meta property=\"og:description\" content=\"Example 1: Show More Toggles Using Toggle ModuleYour content goes here. Edit or remove this text inline or in the module Content settings. You can also style every aspect of this content in the module Design settings and even apply custom CSS to this text in the module Advanced settings.Your content goes here. Edit or [&hellip;]\" \/>\n<meta property=\"og:url\" content=\"https:\/\/przetargimedyczne.com\/en\/contact\/\" \/>\n<meta property=\"og:site_name\" content=\"PressInfoMed\" \/>\n<meta property=\"article:modified_time\" content=\"2021-11-19T09:27:46+00:00\" \/>\n<meta name=\"twitter:card\" content=\"summary_large_image\" \/>\n<meta name=\"twitter:label1\" content=\"Est. reading time\" \/>\n\t<meta name=\"twitter:data1\" content=\"6 minutes\" \/>\n<script type=\"application\/ld+json\" class=\"yoast-schema-graph\">{\"@context\":\"https:\/\/schema.org\",\"@graph\":[{\"@type\":\"WebSite\",\"@id\":\"https:\/\/przetargimedyczne.com\/en\/#website\",\"url\":\"https:\/\/przetargimedyczne.com\/en\/\",\"name\":\"PressInfoMed\",\"description\":\"-\",\"potentialAction\":[{\"@type\":\"SearchAction\",\"target\":{\"@type\":\"EntryPoint\",\"urlTemplate\":\"https:\/\/przetargimedyczne.com\/en\/?s={search_term_string}\"},\"query-input\":\"required name=search_term_string\"}],\"inLanguage\":\"en-US\"},{\"@type\":\"WebPage\",\"@id\":\"https:\/\/przetargimedyczne.com\/en\/contact\/#webpage\",\"url\":\"https:\/\/przetargimedyczne.com\/en\/contact\/\",\"name\":\"Contact - PressInfoMed\",\"isPartOf\":{\"@id\":\"https:\/\/przetargimedyczne.com\/en\/#website\"},\"datePublished\":\"2021-09-17T16:25:52+00:00\",\"dateModified\":\"2021-11-19T09:27:46+00:00\",\"breadcrumb\":{\"@id\":\"https:\/\/przetargimedyczne.com\/en\/contact\/#breadcrumb\"},\"inLanguage\":\"en-US\",\"potentialAction\":[{\"@type\":\"ReadAction\",\"target\":[\"https:\/\/przetargimedyczne.com\/en\/contact\/\"]}]},{\"@type\":\"BreadcrumbList\",\"@id\":\"https:\/\/przetargimedyczne.com\/en\/contact\/#breadcrumb\",\"itemListElement\":[{\"@type\":\"ListItem\",\"position\":1,\"name\":\"Strona g\u0142\u00f3wna\",\"item\":\"https:\/\/przetargimedyczne.com\/en\/\"},{\"@type\":\"ListItem\",\"position\":2,\"name\":\"Contact\"}]}]}<\/script>\n<!-- \/ Yoast SEO plugin. -->","yoast_head_json":{"title":"Contact - PressInfoMed","robots":{"index":"index","follow":"follow","max-snippet":"max-snippet:-1","max-image-preview":"max-image-preview:large","max-video-preview":"max-video-preview:-1"},"canonical":"https:\/\/przetargimedyczne.com\/en\/contact\/","og_locale":"en_US","og_type":"article","og_title":"Contact - PressInfoMed","og_description":"Example 1: Show More Toggles Using Toggle ModuleYour content goes here. Edit or remove this text inline or in the module Content settings. You can also style every aspect of this content in the module Design settings and even apply custom CSS to this text in the module Advanced settings.Your content goes here. Edit or [&hellip;]","og_url":"https:\/\/przetargimedyczne.com\/en\/contact\/","og_site_name":"PressInfoMed","article_modified_time":"2021-11-19T09:27:46+00:00","twitter_card":"summary_large_image","twitter_misc":{"Est. reading time":"6 minutes"},"schema":{"@context":"https:\/\/schema.org","@graph":[{"@type":"WebSite","@id":"https:\/\/przetargimedyczne.com\/en\/#website","url":"https:\/\/przetargimedyczne.com\/en\/","name":"PressInfoMed","description":"-","potentialAction":[{"@type":"SearchAction","target":{"@type":"EntryPoint","urlTemplate":"https:\/\/przetargimedyczne.com\/en\/?s={search_term_string}"},"query-input":"required name=search_term_string"}],"inLanguage":"en-US"},{"@type":"WebPage","@id":"https:\/\/przetargimedyczne.com\/en\/contact\/#webpage","url":"https:\/\/przetargimedyczne.com\/en\/contact\/","name":"Contact - PressInfoMed","isPartOf":{"@id":"https:\/\/przetargimedyczne.com\/en\/#website"},"datePublished":"2021-09-17T16:25:52+00:00","dateModified":"2021-11-19T09:27:46+00:00","breadcrumb":{"@id":"https:\/\/przetargimedyczne.com\/en\/contact\/#breadcrumb"},"inLanguage":"en-US","potentialAction":[{"@type":"ReadAction","target":["https:\/\/przetargimedyczne.com\/en\/contact\/"]}]},{"@type":"BreadcrumbList","@id":"https:\/\/przetargimedyczne.com\/en\/contact\/#breadcrumb","itemListElement":[{"@type":"ListItem","position":1,"name":"Strona g\u0142\u00f3wna","item":"https:\/\/przetargimedyczne.com\/en\/"},{"@type":"ListItem","position":2,"name":"Contact"}]}]}},"_links":{"self":[{"href":"https:\/\/przetargimedyczne.com\/en\/wp-json\/wp\/v2\/pages\/32","targetHints":{"allow":["GET"]}}],"collection":[{"href":"https:\/\/przetargimedyczne.com\/en\/wp-json\/wp\/v2\/pages"}],"about":[{"href":"https:\/\/przetargimedyczne.com\/en\/wp-json\/wp\/v2\/types\/page"}],"author":[{"embeddable":true,"href":"https:\/\/przetargimedyczne.com\/en\/wp-json\/wp\/v2\/users\/1"}],"replies":[{"embeddable":true,"href":"https:\/\/przetargimedyczne.com\/en\/wp-json\/wp\/v2\/comments?post=32"}],"version-history":[{"count":22,"href":"https:\/\/przetargimedyczne.com\/en\/wp-json\/wp\/v2\/pages\/32\/revisions"}],"predecessor-version":[{"id":236415,"href":"https:\/\/przetargimedyczne.com\/en\/wp-json\/wp\/v2\/pages\/32\/revisions\/236415"}],"wp:attachment":[{"href":"https:\/\/przetargimedyczne.com\/en\/wp-json\/wp\/v2\/media?parent=32"}],"curies":[{"name":"wp","href":"https:\/\/api.w.org\/{rel}","templated":true}]}}